{"id":13355,"date":"2017-09-08T10:15:35","date_gmt":"2017-09-08T14:15:35","guid":{"rendered":"https:\/\/deadhitsports.com\/mybookie-apuestas-deportivas\/"},"modified":"2024-02-04T14:30:43","modified_gmt":"2024-02-04T19:30:43","slug":"mybookie-apuestas-deportivas","status":"publish","type":"page","link":"https:\/\/deadhitsports.com\/es\/mybookie-apuestas-deportivas\/","title":{"rendered":"MyBookie Apuestas Deportivas"},"content":{"rendered":"<div class=\"deadh-testing-dfp-injection\" style=\"margin-bottom: 10px;\" id=\"deadh-2747366245\"><!-- \/1145025\/DHS_Page_Body -->\r\n<div id='div-gpt-ad-1498145084150-0' style='height:60px; width:468px;'>\r\n<script>\r\ngoogletag.cmd.push(function() { googletag.display('div-gpt-ad-1498145084150-0'); });\r\n<\/script>\r\n<\/div><\/div>\n<p>MyBookie.ag es una casa de apuestas deportivas, casino en l\u00ednea y apuestas de carreras con licencia en Antigua y con sede en Costa Rica. <br\/><br\/>La casa de apuestas cuenta con l\u00edneas en vivo y cuotas de apuestas para docenas de deportes y cientos de ligas tanto norteamericanas como internacionales. <br\/><br\/>MyBookie Sportsbook se centra en contenido en profundidad relacionado con las apuestas y en p\u00e1ginas de deportes, ligas y equipos altamente desarrolladas. <br\/><br\/>Puedes ver sus p\u00e1ginas de NFL Football, NBA Basketball y NHL Hockey Lines para ver buenos ejemplos del esfuerzo que han puesto en el contenido del sitio. <br\/><br\/>Cada una de las p\u00e1ginas presenta noticias, informaci\u00f3n y an\u00e1lisis de la liga bien escritos. Pero tenga cuidado, MyBookie hace lo que muchas casas de apuestas deportivas har\u00e1n, que es proporcionar \u00abselecciones cargadas\u00bb para cada juego. B\u00e1sicamente, est\u00e1n repartiendo selecciones basura que causar\u00e1n confusi\u00f3n e intentar\u00e1n que los apostadores \u00abcuadrados\u00bb caigan en una selecci\u00f3n, abran una cuenta y pierdan inmediatamente despu\u00e9s de un primer dep\u00f3sito. Es un viejo truco de la industria de las apuestas deportivas y los juegos de azar que la mayor\u00eda de los operadores de juegos de azar sin escr\u00fapulos y tontos. <br\/><br\/>Este es un viejo truco utilizado por muchos libros para enga\u00f1ar a los jugadores de casilla (o novatos en apuestas) para que hagan una apuesta arriesgada o completamente mala. <\/p>\n\n<h2 class=\"wp-block-heading\">MyBookie \u2013 Historia<\/h2>\n\n<p>La historia del fundador de MyBookie es algo confusa. Sin embargo, hay una menci\u00f3n de Gary Kaplan en relaci\u00f3n con la historia de BetonSports, que \u00e9l fund\u00f3. Gary Kaplan naci\u00f3 el 5 de enero de 1959 en Nueva York y se cri\u00f3 en Brooklyn. Abandon\u00f3 la escuela secundaria y luego se mud\u00f3 de Nueva York al sur de Florida. A principios de la d\u00e9cada de 1990, Kaplan se dio cuenta de que los corredores de apuestas volaban al Caribe, donde el juego era legal, para hacer apuestas. Esta observaci\u00f3n le llev\u00f3 a fundar su propia casa de apuestas, siguiendo un modelo similar. En 1995, Kaplan se mud\u00f3 a San Jos\u00e9, Costa Rica, donde conoci\u00f3 a Norm \u00abStormin&#8217; Norman\u00bb Steinberg, el operador de Millennium Sportsbook. El negocio de Kaplan, BetonSports.com, recibi\u00f3 apuestas por valor de casi 4.000 millones de d\u00f3lares entre 2002 y 2004, con el 98 por ciento del negocio procedente de Estados Unidos. La compa\u00f1\u00eda comenz\u00f3 a cotizar en la Bolsa de Valores de Londres en 2004[1]. <br\/><br\/>La participaci\u00f3n de Kaplan en BetonSports lleg\u00f3 a su fin cuando las autoridades estadounidenses acusaron a la compa\u00f1\u00eda y a muchos de sus ejecutivos de varios cargos, incluidas violaciones de la Ley de Organizaciones Corruptas e Influenciadas por el Crimen Organizado (RICO, por sus siglas en ingl\u00e9s). Kaplan fue arrestado y, tras un acuerdo con la fiscal\u00eda, perdi\u00f3 casi 44 millones de d\u00f3lares, que el gobierno describi\u00f3 como ganancias de su actividad delictiva[7]. <br\/><br\/>MyBookie se estableci\u00f3 en 2014 y tiene su sede en Costa Rica. Opera bajo la regulaci\u00f3n del Gobierno y las Leyes de Curazao en las Antillas Holandesas. MyBookie ha crecido r\u00e1pidamente en la industria de los juegos en l\u00ednea y se ha convertido en una de las soluciones de apuestas deportivas en el extranjero m\u00e1s populares. <br\/><br\/>Gary Kaplan es el fundador de MyBookie y a menudo su \u00abequipo\u00bb de alta direcci\u00f3n se refiere a \u00e9l como \u00abG\u00bb o \u00abThe Boss\u00bb. No se involucra en el d\u00eda a d\u00eda, pero como lo ha estado durante varias d\u00e9cadas, est\u00e1 moviendo los hilos de su negocio desde la distancia. <\/p>\n\n<h2 class=\"wp-block-heading\">Probabilidades pol\u00edticas y reportajes de prensa<\/h2>\n\n<p>David Strauss, jefe de l\u00edneas, es extremadamente frontal. Un invitado habitual en numerosas cuotas deportivas y apuestas relacionadas con programas de radio, televisi\u00f3n y podcasts. <br\/><br\/>La casa de apuestas deportivas ha creado cientos de probabilidades pol\u00edticas y opciones de apuestas con art\u00edculos en Bloomberg, Newsweek, CNN y The New York Times. <\/p>\n\n<h2 class=\"wp-block-heading\">Controversias<\/h2>\n\n<p>No es raro que las casas de apuestas deportivas se involucren en t\u00e9cnicas de marketing creativas, con el dominio de las redes sociales, las cosas pueden salirse de control r\u00e1pidamente. En esta secci\u00f3n, desglosaremos algunas de las controversias m\u00e1s recientes con todos los hechos que podemos obtener. <\/p>\n\n<h3 class=\"wp-block-heading\">La controversia entre MyBookie y Dave Portnoy<\/h3>\n\n<p>En el mundo de las apuestas deportivas, las controversias no son infrecuentes, pero pocas han sido tan p\u00fablicas y ardientes como la disputa entre el fundador de Barstool Sports, Dave Portnoy, y la casa de apuestas deportivas MyBookie. El choque entre estos dos sac\u00f3 a la luz los problemas que rodean a las casas de apuestas deportivas no reguladas y captur\u00f3 la atenci\u00f3n de la comunidad de apuestas deportivas. <\/p>\n\n<h3 class=\"wp-block-heading\">La chispa de la disputa<\/h3>\n\n<p>La controversia comenz\u00f3 cuando MyBookie, una casa de apuestas deportivas en el extranjero, atac\u00f3 a Dave Portnoy en Twitter, acus\u00e1ndolo de ser \u00abtodo habladur\u00eda, no show\u00bb ya que no hizo apuestas con ellos. Portnoy, conocido por su personalidad franca e influencia en el mundo de los medios deportivos, no se lo tom\u00f3 a la ligera. \u00c9l respondi\u00f3 con una serie de tuits y videos, criticando con vehemencia a MyBookie y llam\u00e1ndolos \u00abidiotas\u00bb por pelearse con \u00e9l. La reacci\u00f3n de Portnoy no fue solo una venganza personal; fue una declaraci\u00f3n de guerra contra la casa de apuestas deportivas, ya que expres\u00f3 su entusiasmo por ver a MyBookie cerrar el negocio[1]. <\/p>\n\n<h3 class=\"wp-block-heading\">El impacto en la comunidad de apuestas deportivas<\/h3>\n\n<p>La disputa se intensific\u00f3 r\u00e1pidamente, y los seguidores de Portnoy y la comunidad de apuestas deportivas en general se dieron cuenta. La influencia de Portnoy fue lo suficientemente significativa como para causar algunos problemas a MyBookie con su clientela, ya que sus seguidores se unieron detr\u00e1s de \u00e9l. La controversia puso de relieve los riesgos asociados a las casas de apuestas deportivas no reguladas, como MyBookie, y la importancia de comprender los t\u00e9rminos y condiciones que conlleva apostar en estas plataformas. Por ejemplo, una publicaci\u00f3n de Reddit mencion\u00f3 una regla \u00aboculta\u00bb en MyBookie que requer\u00eda que m\u00e1s del 50% de las apuestas fueran apuestas directas, de margen y totales[2]. <\/p>\n\n<h3 class=\"wp-block-heading\">Las implicaciones m\u00e1s amplias<\/h3>\n\n<p>Si bien la diatriba de Portnoy estaba dirigida espec\u00edficamente a MyBookie, plante\u00f3 preguntas sobre la legalidad y la \u00e9tica de las apuestas deportivas en el extranjero en su conjunto. Las acciones de Portnoy no fueron un ataque a todas las apuestas deportivas ilegales, sino m\u00e1s bien un esfuerzo enfocado en cerrar una casa de apuestas deportivas en particular que lo hab\u00eda cruzado[3]. Este incidente puso en primer plano el debate en curso sobre la regulaci\u00f3n de las apuestas deportivas y la necesidad de que los apostadores sean cautelosos al interactuar con las casas de apuestas deportivas en el extranjero. <br\/><br\/>La controversia de MyBookie y Dave Portnoy sirve como una advertencia para la industria de las apuestas deportivas. Subraya la influencia de personalidades de los medios de comunicaci\u00f3n como Portnoy y el poder que ejercen sobre la opini\u00f3n p\u00fablica. Tambi\u00e9n sirve como recordatorio de los peligros potenciales de apostar con casas de apuestas deportivas no reguladas y la importancia de hacer la debida diligencia antes de realizar apuestas. A medida que el panorama de las apuestas deportivas contin\u00faa evolucionando, es probable que esta controversia sea recordada como un momento importante en el impulso de las apuestas deportivas reguladas. <\/p>\n\n<h2 class=\"wp-block-heading\">Requisitos de bonificaci\u00f3n y reinversi\u00f3n<\/h2>\n\n<p>Todos los bonos vienen con un requisito de reinversi\u00f3n. Un <strong>requisito de rollover <\/strong> es una cantidad que debe apostar (solo apuestas graduadas y liquidadas) antes de poder solicitar un pago. <strong>No es necesario que ganes o pierdas esa cantidad.<\/strong> Simplemente tienes que poner esa cantidad en acci\u00f3n. <br\/><br\/>Por ejemplo, este bono tiene un rollover de 10x. Cuando deposite $ 100, le daremos un bono de $ 50. El rollover es de 10 veces el dep\u00f3sito + el bono. Por lo tanto: <br\/><br\/>$100 + $50 = $150 <br\/><br\/>$150 x 10 = $1,500 <br\/><br\/>Eso significa que tendr\u00e1s que poner $1,500 en acci\u00f3n antes de cobrar. Las apuestas son acumulativas. Por lo tanto, cuanto m\u00e1s juegues, antes cumplir\u00e1s con tu rollover y estar\u00e1s listo para cobrar tus ganancias. <br\/><br\/>En el caso de los bonos de apuestas deportivas, solo las apuestas realizadas en la casa de apuestas deportivas califican para los requisitos de reinversi\u00f3n. Para los bonos de casino, solo las apuestas realizadas en el casino califican para los requisitos de rollover. <\/p>\n\n<h2 class=\"wp-block-heading\">\u00bfQu\u00e9 tienen que decir los usuarios de Reddit \/r\/sportsbook?<\/h2>\n\n<p><em>Alerta de \u26a0 spoiler: Los comentarios son abrumadoramente negativos. <\/em><br\/><br\/>Seg\u00fan las publicaciones de Reddit de la <a href=\"https:\/\/reddit.com\/r\/sportsbook\/\">subreddi t \/r\/sportsbook<\/a>, los usuarios han tenido experiencias mixtas con la casa de apuestas deportivas MyBookie. Estos son algunos de los puntos clave: <br\/><br\/>1. Interfaz de usuario y <strong>opciones de apuestas <\/strong>: Algunos usuarios han encontrado satisfactorias las ofertas de MyBookie, y un usuario se\u00f1al\u00f3 que MyBookie ha \u00abrealmente exprimido las l\u00edneas para los favoritos\u00bb[6]. <br\/><br\/>2. <strong>Dep\u00f3sitos y retiros<\/strong>: Hay varios informes de dificultades con los retiros, especialmente cuando los usuarios han ganado cantidades significativas. Algunos usuarios informaron que sus cuentas fueron suspendidas o cerradas cuando intentaron retirar sus ganancias. Sin embargo, otros han informado retiros exitosos, particularmente cuando usan Bitcoin.[10] <br\/><br\/>3. <strong>Servicio al cliente<\/strong>: El servicio de atenci\u00f3n al cliente de MyBookie ha sido criticado por algunos usuarios. Hay informes de cuentas que se cierran o limitan sin una comunicaci\u00f3n clara de la casa de apuestas deportivas. <br\/><br\/>4. <strong>Promociones y bonos<\/strong> : Algunos usuarios han mencionado que MyBookie ofrece promociones atractivas, pero tambi\u00e9n advirtieron sobre los requisitos de rollover asociados con estos bonos. <br\/><br\/>Aqu\u00ed hay algunas citas directas de usuarios de Reddit Sportsbook: <\/p><blockquote>\n<\/blockquote>\n<p>\u00abTiene una buena cantidad de historias de terror como la mayor\u00eda de los otros libros en alta mar, pero personalmente lo he estado usando durante algunos a\u00f1os sin problemas reales\u00bb.<\/p>\n\n<p><em>Nota del editor: Se sabe que el personal de marketing de MyBookie publica en reddit o contrata cuentas falsas de reddit para obtener cr\u00edticas positivas. <\/em><br\/><br\/>En conclusi\u00f3n, si bien algunos usuarios han tenido experiencias positivas con MyBookie, hay numerosos informes de problemas, particularmente con los retiros. <br\/><br\/><strong>Se recomienda que los usuarios potenciales consideren cuidadosamente estas experiencias y tal vez busquen<\/strong> <a href=\"https:\/\/www.betadrian.lv\/\">casas de apuestas deportivas con cr\u00edticas positivas m\u00e1s consistentes<\/a><strong>. <\/strong> <\/p>\n\n<h2 class=\"wp-block-heading\">\u00a1Pr\u00f3ximamente! MyBookie \u00bfQui\u00e9n dirige la casa de apuestas deportivas hoy?<\/h2>\n\n<p>Un punto culminante del elenco de personajes. Tenga cuidado, estas son algunas de las personas m\u00e1s inescrupulosas con las que le gustar\u00eda estar asociado <br\/><br\/><em><strong>\u00bfJeff o Larry, o es Jeff o es Larry? <\/strong><\/em> Se dedica a la compra de anuncios o al marketing, o algo as\u00ed. <br\/><br\/>Es la persona m\u00e1s influyente de MyBookie. Tambi\u00e9n redirige mybookie.ag a mybookie.net para poder enga\u00f1ar a las estaciones de radio para que publiquen anuncios de MyBookie durante la temporada de f\u00fatbol americano de la NFL. <\/p>\n\n<div class=\"wp-block-ink-adddata-ink-adddata-ink\"><\/div>\n","protected":false},"excerpt":{"rendered":"<p>MyBookie.ag es una casa de apuestas deportivas, casino en l\u00ednea y apuestas de carreras con licencia en Antigua y con sede en Costa Rica. La casa de apuestas cuenta con l\u00edneas en vivo y cuotas de apuestas para docenas de deportes y cientos de ligas tanto norteamericanas como internacionales. MyBookie Sportsbook se centra en contenido [&hellip;]<\/p>\n","protected":false},"author":2405,"featured_media":0,"parent":0,"menu_order":0,"comment_status":"closed","ping_status":"closed","template":"g1-template-page-full.php","meta":{"footnotes":""},"class_list":["post-13355","page","type-page","status-publish","hentry"],"aioseo_notices":[],"aioseo_head":"\n\t\t<!-- All in One SEO Pro 4.7.7 - aioseo.com -->\n\t<meta name=\"description\" content=\"MyBookie.ag es una casa de apuestas deportivas, casino en l\u00ednea y apuestas de carreras con licencia en Antigua y con sede en Costa Rica. La casa de apuestas cuenta con l\u00edneas en vivo y cuotas de apuestas para docenas de deportes y cientos de ligas tanto norteamericanas como internacionales. MyBookie Sportsbook se centra en contenido\" \/>\n\t<meta name=\"robots\" content=\"max-image-preview:large\" \/>\n\t<link rel=\"canonical\" href=\"https:\/\/deadhitsports.com\/es\/mybookie-apuestas-deportivas\/\" \/>\n\t<meta name=\"generator\" content=\"All in One SEO Pro (AIOSEO) 4.7.7\" \/>\n\t\t<meta property=\"og:locale\" content=\"es_ES\" \/>\n\t\t<meta property=\"og:site_name\" content=\"Deadhit Sports -\" \/>\n\t\t<meta property=\"og:type\" content=\"article\" \/>\n\t\t<meta property=\"og:title\" content=\"MyBookie Apuestas Deportivas - Deadhit Sports\" \/>\n\t\t<meta property=\"og:description\" content=\"MyBookie.ag es una casa de apuestas deportivas, casino en l\u00ednea y apuestas de carreras con licencia en Antigua y con sede en Costa Rica. La casa de apuestas cuenta con l\u00edneas en vivo y cuotas de apuestas para docenas de deportes y cientos de ligas tanto norteamericanas como internacionales. MyBookie Sportsbook se centra en contenido\" \/>\n\t\t<meta property=\"og:url\" content=\"https:\/\/deadhitsports.com\/es\/mybookie-apuestas-deportivas\/\" \/>\n\t\t<meta property=\"og:image\" content=\"https:\/\/new.deadhitsports.com\/wp-content\/uploads\/2021\/03\/deadhitsports-mobile.png\" \/>\n\t\t<meta property=\"og:image:secure_url\" content=\"https:\/\/new.deadhitsports.com\/wp-content\/uploads\/2021\/03\/deadhitsports-mobile.png\" \/>\n\t\t<meta property=\"article:published_time\" content=\"2017-09-08T14:15:35+00:00\" \/>\n\t\t<meta property=\"article:modified_time\" content=\"2024-02-04T19:30:43+00:00\" \/>\n\t\t<meta property=\"article:publisher\" content=\"https:\/\/www.facebook.com\/sportsbettingonline\/\" \/>\n\t\t<meta name=\"twitter:card\" content=\"summary_large_image\" \/>\n\t\t<meta name=\"twitter:site\" content=\"@deadhitsports\" \/>\n\t\t<meta name=\"twitter:title\" content=\"MyBookie Apuestas Deportivas - Deadhit Sports\" \/>\n\t\t<meta name=\"twitter:description\" content=\"MyBookie.ag es una casa de apuestas deportivas, casino en l\u00ednea y apuestas de carreras con licencia en Antigua y con sede en Costa Rica. La casa de apuestas cuenta con l\u00edneas en vivo y cuotas de apuestas para docenas de deportes y cientos de ligas tanto norteamericanas como internacionales. MyBookie Sportsbook se centra en contenido\" \/>\n\t\t<meta name=\"twitter:creator\" content=\"@deadhitsports\" \/>\n\t\t<meta name=\"twitter:image\" content=\"https:\/\/new.deadhitsports.com\/wp-content\/uploads\/2021\/03\/deadhitsports-mobile.png\" \/>\n\t\t<script type=\"application\/ld+json\" class=\"aioseo-schema\">\n\t\t\t{\"@context\":\"https:\\\/\\\/schema.org\",\"@graph\":[{\"@type\":\"BreadcrumbList\",\"@id\":\"https:\\\/\\\/deadhitsports.com\\\/es\\\/mybookie-apuestas-deportivas\\\/#breadcrumblist\",\"itemListElement\":[{\"@type\":\"ListItem\",\"@id\":\"https:\\\/\\\/deadhitsports.com\\\/es\\\/#listItem\",\"position\":1,\"name\":\"Hogar\",\"item\":\"https:\\\/\\\/deadhitsports.com\\\/es\\\/\",\"nextItem\":{\"@type\":\"ListItem\",\"@id\":\"https:\\\/\\\/deadhitsports.com\\\/es\\\/mybookie-apuestas-deportivas\\\/#listItem\",\"name\":\"MyBookie Apuestas Deportivas\"}},{\"@type\":\"ListItem\",\"@id\":\"https:\\\/\\\/deadhitsports.com\\\/es\\\/mybookie-apuestas-deportivas\\\/#listItem\",\"position\":2,\"name\":\"MyBookie Apuestas Deportivas\",\"previousItem\":{\"@type\":\"ListItem\",\"@id\":\"https:\\\/\\\/deadhitsports.com\\\/es\\\/#listItem\",\"name\":\"Hogar\"}}]},{\"@type\":\"Organization\",\"@id\":\"https:\\\/\\\/deadhitsports.com\\\/es\\\/#organization\",\"name\":\"Deadhit Sports\",\"url\":\"https:\\\/\\\/deadhitsports.com\\\/es\\\/\",\"telephone\":\"+15194984095\",\"logo\":{\"@type\":\"ImageObject\",\"url\":\"https:\\\/\\\/new.deadhitsports.com\\\/wp-content\\\/uploads\\\/2021\\\/03\\\/deadhitsports-mobile.png\",\"@id\":\"https:\\\/\\\/deadhitsports.com\\\/es\\\/mybookie-apuestas-deportivas\\\/#organizationLogo\"},\"image\":{\"@id\":\"https:\\\/\\\/deadhitsports.com\\\/es\\\/mybookie-apuestas-deportivas\\\/#organizationLogo\"},\"sameAs\":[\"https:\\\/\\\/www.facebook.com\\\/sportsbettingonline\\\/\",\"https:\\\/\\\/twitter.com\\\/deadhitsports\"]},{\"@type\":\"WebPage\",\"@id\":\"https:\\\/\\\/deadhitsports.com\\\/es\\\/mybookie-apuestas-deportivas\\\/#webpage\",\"url\":\"https:\\\/\\\/deadhitsports.com\\\/es\\\/mybookie-apuestas-deportivas\\\/\",\"name\":\"MyBookie Apuestas Deportivas - Deadhit Sports\",\"description\":\"MyBookie.ag es una casa de apuestas deportivas, casino en l\\u00ednea y apuestas de carreras con licencia en Antigua y con sede en Costa Rica. La casa de apuestas cuenta con l\\u00edneas en vivo y cuotas de apuestas para docenas de deportes y cientos de ligas tanto norteamericanas como internacionales. MyBookie Sportsbook se centra en contenido\",\"inLanguage\":\"es-ES\",\"isPartOf\":{\"@id\":\"https:\\\/\\\/deadhitsports.com\\\/es\\\/#website\"},\"breadcrumb\":{\"@id\":\"https:\\\/\\\/deadhitsports.com\\\/es\\\/mybookie-apuestas-deportivas\\\/#breadcrumblist\"},\"datePublished\":\"2017-09-08T10:15:35-04:00\",\"dateModified\":\"2024-02-04T14:30:43-05:00\"},{\"@type\":\"WebSite\",\"@id\":\"https:\\\/\\\/deadhitsports.com\\\/es\\\/#website\",\"url\":\"https:\\\/\\\/deadhitsports.com\\\/es\\\/\",\"name\":\"Deadhit Sports\",\"inLanguage\":\"es-ES\",\"publisher\":{\"@id\":\"https:\\\/\\\/deadhitsports.com\\\/es\\\/#organization\"}}]}\n\t\t<\/script>\n\t\t<!-- All in One SEO Pro -->\r\n\t\t<title>MyBookie Apuestas Deportivas - Deadhit Sports<\/title>\n\n","aioseo_head_json":{"title":"MyBookie Apuestas Deportivas - Deadhit Sports","description":"MyBookie.ag es una casa de apuestas deportivas, casino en l\u00ednea y apuestas de carreras con licencia en Antigua y con sede en Costa Rica. La casa de apuestas cuenta con l\u00edneas en vivo y cuotas de apuestas para docenas de deportes y cientos de ligas tanto norteamericanas como internacionales. MyBookie Sportsbook se centra en contenido","canonical_url":"https:\/\/deadhitsports.com\/es\/mybookie-apuestas-deportivas\/","robots":"max-image-preview:large","keywords":"","webmasterTools":{"miscellaneous":""},"og:locale":"es_ES","og:site_name":"Deadhit Sports -","og:type":"article","og:title":"MyBookie Apuestas Deportivas - Deadhit Sports","og:description":"MyBookie.ag es una casa de apuestas deportivas, casino en l\u00ednea y apuestas de carreras con licencia en Antigua y con sede en Costa Rica. La casa de apuestas cuenta con l\u00edneas en vivo y cuotas de apuestas para docenas de deportes y cientos de ligas tanto norteamericanas como internacionales. MyBookie Sportsbook se centra en contenido","og:url":"https:\/\/deadhitsports.com\/es\/mybookie-apuestas-deportivas\/","og:image":"https:\/\/new.deadhitsports.com\/wp-content\/uploads\/2021\/03\/deadhitsports-mobile.png","og:image:secure_url":"https:\/\/new.deadhitsports.com\/wp-content\/uploads\/2021\/03\/deadhitsports-mobile.png","article:published_time":"2017-09-08T14:15:35+00:00","article:modified_time":"2024-02-04T19:30:43+00:00","article:publisher":"https:\/\/www.facebook.com\/sportsbettingonline\/","twitter:card":"summary_large_image","twitter:site":"@deadhitsports","twitter:title":"MyBookie Apuestas Deportivas - Deadhit Sports","twitter:description":"MyBookie.ag es una casa de apuestas deportivas, casino en l\u00ednea y apuestas de carreras con licencia en Antigua y con sede en Costa Rica. La casa de apuestas cuenta con l\u00edneas en vivo y cuotas de apuestas para docenas de deportes y cientos de ligas tanto norteamericanas como internacionales. MyBookie Sportsbook se centra en contenido","twitter:creator":"@deadhitsports","twitter:image":"https:\/\/new.deadhitsports.com\/wp-content\/uploads\/2021\/03\/deadhitsports-mobile.png","schema":{"@context":"https:\/\/schema.org","@graph":[{"@type":"BreadcrumbList","@id":"https:\/\/deadhitsports.com\/es\/mybookie-apuestas-deportivas\/#breadcrumblist","itemListElement":[{"@type":"ListItem","@id":"https:\/\/deadhitsports.com\/es\/#listItem","position":1,"name":"Hogar","item":"https:\/\/deadhitsports.com\/es\/","nextItem":{"@type":"ListItem","@id":"https:\/\/deadhitsports.com\/es\/mybookie-apuestas-deportivas\/#listItem","name":"MyBookie Apuestas Deportivas"}},{"@type":"ListItem","@id":"https:\/\/deadhitsports.com\/es\/mybookie-apuestas-deportivas\/#listItem","position":2,"name":"MyBookie Apuestas Deportivas","previousItem":{"@type":"ListItem","@id":"https:\/\/deadhitsports.com\/es\/#listItem","name":"Hogar"}}]},{"@type":"Organization","@id":"https:\/\/deadhitsports.com\/es\/#organization","name":"Deadhit Sports","url":"https:\/\/deadhitsports.com\/es\/","telephone":"+15194984095","logo":{"@type":"ImageObject","url":"https:\/\/new.deadhitsports.com\/wp-content\/uploads\/2021\/03\/deadhitsports-mobile.png","@id":"https:\/\/deadhitsports.com\/es\/mybookie-apuestas-deportivas\/#organizationLogo"},"image":{"@id":"https:\/\/deadhitsports.com\/es\/mybookie-apuestas-deportivas\/#organizationLogo"},"sameAs":["https:\/\/www.facebook.com\/sportsbettingonline\/","https:\/\/twitter.com\/deadhitsports"]},{"@type":"WebPage","@id":"https:\/\/deadhitsports.com\/es\/mybookie-apuestas-deportivas\/#webpage","url":"https:\/\/deadhitsports.com\/es\/mybookie-apuestas-deportivas\/","name":"MyBookie Apuestas Deportivas - Deadhit Sports","description":"MyBookie.ag es una casa de apuestas deportivas, casino en l\u00ednea y apuestas de carreras con licencia en Antigua y con sede en Costa Rica. La casa de apuestas cuenta con l\u00edneas en vivo y cuotas de apuestas para docenas de deportes y cientos de ligas tanto norteamericanas como internacionales. MyBookie Sportsbook se centra en contenido","inLanguage":"es-ES","isPartOf":{"@id":"https:\/\/deadhitsports.com\/es\/#website"},"breadcrumb":{"@id":"https:\/\/deadhitsports.com\/es\/mybookie-apuestas-deportivas\/#breadcrumblist"},"datePublished":"2017-09-08T10:15:35-04:00","dateModified":"2024-02-04T14:30:43-05:00"},{"@type":"WebSite","@id":"https:\/\/deadhitsports.com\/es\/#website","url":"https:\/\/deadhitsports.com\/es\/","name":"Deadhit Sports","inLanguage":"es-ES","publisher":{"@id":"https:\/\/deadhitsports.com\/es\/#organization"}}]}},"aioseo_meta_data":{"post_id":"13355","title":null,"description":null,"keywords":[],"keyphrases":{"focus":{"keyphrase":"","score":0,"analysis":{"keyphraseInTitle":{"score":0,"maxScore":9,"error":1}}},"additional":[]},"primary_term":null,"canonical_url":null,"og_title":null,"og_description":null,"og_object_type":"default","og_image_type":"default","og_image_url":null,"og_image_width":null,"og_image_height":null,"og_image_custom_url":null,"og_image_custom_fields":null,"og_video":"","og_custom_url":null,"og_article_section":null,"og_article_tags":[],"twitter_use_og":false,"twitter_card":"default","twitter_image_type":"default","twitter_image_url":null,"twitter_image_custom_url":null,"twitter_image_custom_fields":null,"twitter_title":null,"twitter_description":null,"schema":{"blockGraphs":[],"customGraphs":[],"default":{"data":{"Article":[],"Course":[],"Dataset":[],"FAQPage":[],"Movie":[],"Person":[],"Product":[],"ProductReview":[],"Car":[],"Recipe":[],"Service":[],"SoftwareApplication":[],"WebPage":[]},"graphName":"WebPage","isEnabled":true},"graphs":[]},"schema_type":"default","schema_type_options":null,"pillar_content":false,"robots_default":true,"robots_noindex":false,"robots_noarchive":false,"robots_nosnippet":false,"robots_nofollow":false,"robots_noimageindex":false,"robots_noodp":false,"robots_notranslate":false,"robots_max_snippet":"-1","robots_max_videopreview":"-1","robots_max_imagepreview":"large","priority":null,"frequency":"default","local_seo":null,"limit_modified_date":false,"open_ai":{"title":{"suggestions":[],"usage":0},"description":{"suggestions":[],"usage":0}},"created":"2024-02-03 22:55:56","updated":"2024-02-04 19:45:52"},"aioseo_breadcrumb":"<div class=\"aioseo-breadcrumbs\"><span class=\"aioseo-breadcrumb\">\n\t<a href=\"https:\/\/deadhitsports.com\/es\/\" title=\"Home\">Home<\/a>\n<\/span><span class=\"aioseo-breadcrumb-separator\">&raquo;<\/span><span class=\"aioseo-breadcrumb\">\n\tMyBookie Apuestas Deportivas\n<\/span><\/div>","aioseo_breadcrumb_json":[{"label":"Home","link":"https:\/\/deadhitsports.com\/es\/"},{"label":"MyBookie Apuestas Deportivas","link":"https:\/\/deadhitsports.com\/es\/mybookie-apuestas-deportivas\/"}],"_links":{"self":[{"href":"https:\/\/deadhitsports.com\/es\/wp-json\/wp\/v2\/pages\/13355","targetHints":{"allow":["GET"]}}],"collection":[{"href":"https:\/\/deadhitsports.com\/es\/wp-json\/wp\/v2\/pages"}],"about":[{"href":"https:\/\/deadhitsports.com\/es\/wp-json\/wp\/v2\/types\/page"}],"author":[{"embeddable":true,"href":"https:\/\/deadhitsports.com\/es\/wp-json\/wp\/v2\/users\/2405"}],"replies":[{"embeddable":true,"href":"https:\/\/deadhitsports.com\/es\/wp-json\/wp\/v2\/comments?post=13355"}],"version-history":[{"count":0,"href":"https:\/\/deadhitsports.com\/es\/wp-json\/wp\/v2\/pages\/13355\/revisions"}],"wp:attachment":[{"href":"https:\/\/deadhitsports.com\/es\/wp-json\/wp\/v2\/media?parent=13355"}],"curies":[{"name":"wp","href":"https:\/\/api.w.org\/{rel}","templated":true}]}}